{"id":112,"date":"2015-10-09T08:42:45","date_gmt":"2015-10-09T08:42:45","guid":{"rendered":"https:\/\/hame.ee\/?page_id=112"},"modified":"2025-10-01T09:24:01","modified_gmt":"2025-10-01T06:24:01","slug":"lauljad","status":"publish","type":"page","link":"https:\/\/www.hame.ee\/?page_id=112","title":{"rendered":"Lauljad"},"content":{"rendered":"<div><div class=\"tx-heading\" style=\"margin-bottom:24px; text-align: left;\"><h2 class=\"tx-heading-tag\" style=\"font-size:24px;\">Lauljad<\/h2><\/div><\/div>\n<div><strong>I TENOR<\/strong><br \/>\nHeldur Kudu<br \/>\nJ\u00fcri Karja<br \/>\nUrmas Roht<br \/>\nAivar Matt<br \/>\nHeiki Rohusalu<br \/>\nJ\u00fcri Kaeramaa<br \/>\nAndres Aruhein<\/div>\n<div>Erki Kaha<\/div>\n<div><\/div>\n<div><strong>II TENOR<\/strong><br \/>\nRaul Lutsar<br \/>\nT\u00f5nu Muru<br \/>\nHanno Kurvits<br \/>\nMargus N\u00f5mm<\/div>\n<div>Urmas Sellis<\/div>\n<div>M\u00e4rt Jaamets<\/div>\n<div>Ahti Sprenk<\/div>\n<div>Jaan Roht<\/div>\n<div><\/div>\n<div><strong>BARITON<\/strong><\/div>\n<div>Rauno Arna<\/div>\n<div>Kalle Helendi<\/div>\n<div>Arvi Raud<br \/>\nJuhan Undrits<br \/>\nKaido Kaha<br \/>\nTarmo Koitla<br \/>\nAndres Otti<br \/>\nJanek T\u00f5rs<br \/>\nKuldar Pild<br \/>\nRaivo Ristim\u00e4e<\/div>\n<div>Paul M\u00f5tsk\u00fcla<\/div>\n<div>Rain H\u00e4rmits<\/div>\n<div>Vambola Sepp<\/div>\n<div>Ardi P\u00fcssa<\/div>\n<div><\/div>\n<div><strong>BASS<\/strong><br \/>\nTanel Kiidron<br \/>\nIlmar Vatsar<br \/>\nOtt Saksing<br \/>\nAndres Lehestik<br \/>\nRein Mardo<br \/>\nT\u00f5nu Saksing<\/div>\n<div>Ain Balder<\/div>\n<div>Kalev Vaher<\/div>\n<div>Herki Tamm<\/div>\n<div>Mihkel Klaassen<\/div>\n<div><\/div>\n<div><strong>DIRIGENT<\/strong><\/div>\n<div>Kalev Lindal<\/div>\n","protected":false},"excerpt":{"rendered":"<p>I TENOR Heldur Kudu J\u00fcri Karja Urmas Roht Aivar Matt Heiki Rohusalu J\u00fcri Kaeramaa Andres Aruhein Erki Kaha II TENOR Raul Lutsar T\u00f5nu Muru Hanno Kurvits Margus N\u00f5mm Urmas Sellis M\u00e4rt Jaamets<a class=\"moretag\" href=\"https:\/\/www.hame.ee\/?page_id=112\">Read More&#8230;<\/a><\/p>\n","protected":false},"author":4,"featured_media":0,"parent":0,"menu_order":1,"comment_status":"closed","ping_status":"closed","template":"","meta":{"footnotes":""},"class_list":["post-112","page","type-page","status-publish","hentry"],"_links":{"self":[{"href":"https:\/\/www.hame.ee\/index.php?rest_route=\/wp\/v2\/pages\/112","targetHints":{"allow":["GET"]}}],"collection":[{"href":"https:\/\/www.hame.ee\/index.php?rest_route=\/wp\/v2\/pages"}],"about":[{"href":"https:\/\/www.hame.ee\/index.php?rest_route=\/wp\/v2\/types\/page"}],"author":[{"embeddable":true,"href":"https:\/\/www.hame.ee\/index.php?rest_route=\/wp\/v2\/users\/4"}],"replies":[{"embeddable":true,"href":"https:\/\/www.hame.ee\/index.php?rest_route=%2Fwp%2Fv2%2Fcomments&post=112"}],"version-history":[{"count":5,"href":"https:\/\/www.hame.ee\/index.php?rest_route=\/wp\/v2\/pages\/112\/revisions"}],"predecessor-version":[{"id":555,"href":"https:\/\/www.hame.ee\/index.php?rest_route=\/wp\/v2\/pages\/112\/revisions\/555"}],"wp:attachment":[{"href":"https:\/\/www.hame.ee\/index.php?rest_route=%2Fwp%2Fv2%2Fmedia&parent=112"}],"curies":[{"name":"wp","href":"https:\/\/api.w.org\/{rel}","templated":true}]}}