{"id":2,"date":"2015-05-28T15:18:49","date_gmt":"2015-05-28T15:18:49","guid":{"rendered":"https:\/\/hame.ee\/?page_id=2"},"modified":"2025-09-25T10:35:14","modified_gmt":"2025-09-25T07:35:14","slug":"about","status":"publish","type":"page","link":"https:\/\/www.hame.ee\/","title":{"rendered":"Haaslava meeskoor"},"content":{"rendered":"\n<pre id=\"line1\" class=\"wp-block-preformatted\">Tartumaa koorijuht Kalev Lindal r\u00e4\u00e4gib 100-aastasest Haaslava Meeskoorist<\/pre>\n\n\n\n<figure class=\"wp-block-audio\"><audio controls src=\"https:\/\/www.hame.ee\/wp-content\/uploads\/2023\/06\/73_ID117_334886.mp3\"><\/audio><\/figure>\n\n\n<p><strong>Haaslava Meeskoor<\/strong> (algsel kujul Haaslava meeslauluselts) on loodud 1923. aasta 15. jaanuaril dirigent Aksel R\u00fc\u00fctli poolt. Ent s\u00e4ilinud noodivihikud, kus Haaslava Meeskoori repertuaar kirja pandud, kannavad aastaarvu 1921.<br \/>Peale teist ilmas\u00f5da ei olnud koori tegevus eriti aktiivne, kuni 1965. aastal\u00a0 toonane Sillaotsa kooli direktor ja dirigent Johannes Loost koorile uue hingamise sisse puhus.<br \/>Aastatel 1982 kuni 2008 oli koori abidirigendiks Aulike L\u00f5\u00f5ndre.<br \/>Aastal 1988 andis Johannes Loost peadirigendikepi \u00fcle Kalev Lindalile, kes innustab hoogsalt mitmek\u00fclgse muusiku ja aktiivse \u00fchiskonnategelasena loomingulist koost\u00f6\u00f6d nii kodu- kui v\u00e4lismaal.<br \/>Aastatel 2009-2013 oli abidirigendiks Marlene Leopard.<\/p>\n<p>Haaslava meeskoor on \u00fcks vanemaid ja \u00fcks v\u00e4heseid t\u00e4ies eluj\u00f5us tegutsev maameeskoor Eestis.<br \/>Meeskooril on v\u00e4rvikas ajalugu ja sisukas argielu. Aktiivse kontserttegevuse k\u00f5rval oleme osalenud k\u00f5igil \u00fcleriigilistel ja kohalikel laulupidudel. Pikka aega (alates 1935) on oleme korraldanud oma margi\u00fcritust \u2013 Haaslava Meestelaulup\u00e4eva, kus igal kevadel kutsutakse kokku lauluvennad l\u00e4hemalt ja kaugemalt meie oma lauluv\u00e4ljakule Kurepalu m\u00e4ndide all.<br \/>Koori mitmekesises k\u00e4iberepertuaaris on ligi 100 teost \u2013 klassikast kaasaegse popmuusikani.<br \/>Kooris laulavad koos musitseerimisest ja heast seltskonnast lugu pidavad muusikas\u00f5brad, kelle motoks on \u201e\u00dcks k\u00f5igi k\u00f5ik \u00fche eest!\u201c Praegu laulab meeskooris stabiilselt 40 meest, keskmine vanus on 50 aastat.<br \/>Koori laulumeestest on moodustatud kontsert-topeltkvartett \u201eV\u00e4ike Punt\u201c ja tegutseb oma tantsub\u00e4nd.<br \/>Esinetud on l\u00e4hemal ja kaugemal, osaletud rahvusvahelistes kultuuriprojektides. Tihe koost\u00f6\u00f6 on v\u00e4lis-eesti laulukooride ja organisatsioonidega.<\/p>\n<p>\u00a0<\/p>\n\n\n<p><strong>Lugu Haaslava neljast vennast<\/strong><br>Kord, mitte kaugel siinsamas Eestimaa s\u00fcdames, elab Haaslava meeskoor \u2013 koduks neljale vennale, kelle h\u00e4\u00e4led on kui aastaajad: s\u00fcgav Bass, tasakaalukas Bariton, ning kaks s\u00e4rtsakat kaksikut \u2013 Tenor I ja Tenor II.<br>K\u00f5ige vanem vend oli Bass \u2013 s\u00fcgava h\u00e4\u00e4lega, rahulik ja v\u00e4\u00e4rikas. Kui ta r\u00e4\u00e4kis, vaikis mets. Ta kandis koori vundamenti, nagu tammepuu juured hoiavad maad.<br>Teine vend oli Bariton, t\u00e4ies meheas, tugev ja tasakaalukas. Tema h\u00e4\u00e4l oli nagu soe suve\u00f5htu \u2013 mitte liiga madal, mitte liiga k\u00f5rge, just paras, et panna s\u00fcdamed helisema.<br>Kolmandad olid kaksikud Tenor I ja Tenor II \u2013 noored, s\u00e4rtsakad ja alati valmis seiklema. Nad laulsid nagu kevadised linnud, t\u00f5id koori ellu s\u00e4ra ja uljust. M\u00f5nikord nad v\u00f5istlesid, kumb suudab k\u00f5rgema noodi v\u00f5tta, aga alati l\u00f5ppes see naeruga.<br>Igal teisip\u00e4eval kell 18.00\u201321.00 kogunevad nad Kureplaus \u2013 Priiuse seltsimajja, kus vanad seinad m\u00e4letavad juba mitme p\u00f5lvkonna laule. Seal harjutatakse, vaieldakse nootide \u00fcle, naerdakse ja vahel ka vaikides kuulatakse, kuidas laul ise end kujundab.<br>Aasta jooksul k\u00e4iakse 3\u20134 korda esinemas kultuurimajades ja kirikutes, kus nende laul \u00e4ratab m\u00e4lestusi ja paneb kuulajad hinge kinni hoidma. Ja kord aastas pakitakse kohvrid ja minnakse v\u00e4lisreisile \u2013 olgu see Soome kirikutesse, Saksamaa lossidesse v\u00f5i m\u00f5ne v\u00e4ikese Prantsuse k\u00fcla festivalile. Sealgi k\u00f5lab nende laul, ja kuigi keelt ei pruugita m\u00f5ista, m\u00f5istetakse s\u00fcdamega.<br>Vendade isa Kalev on mees, kelle silmad s\u00e4ravad iga kord, kui koor lavale astub. Ta on nagu dirigent, kes ei seisa ees, vaid toetab tagant \u2013 vaikse j\u00f5una, mis hoiab vendi koos.<br>Ja kuigi laul on nende elu, pole see ainus meloodia nende maailmas. Igal j\u00f5uluajal kutsuvad vennad oma pruudid lauda \u2013 kaetud on pikk laud, mille \u00fcmber k\u00f5lab naer, laul ja piparkookide kr\u00f5bin. M\u00f5nikord viivad nad neid piknikule v\u00f5i teatrisse, kus laulud vahetuvad sosinate ja pilkudega, mis r\u00e4\u00e4givad oma keelt.<br>Lisaks laulule on vennad ka k\u00f5vad pillimehed \u2013 kitarr, akordion, l\u00f5\u00f5ts, mandoliin, kannel \u2013, iga\u00fcks valdab v\u00e4hemalt \u00fcht, m\u00f5ni mitut. Vahel, kui tuju tuleb, m\u00e4ngitakse koos pilli, nii et rehealune t\u00e4itub helidega, mis panevad ka m\u00f6\u00f6duja sammu aeglustama. Ja et h\u00e4\u00e4led p\u00fcsiksid vormis, tehakse n\u00e4dalas korra sporti \u2013 olgu see jalgpall, matk v\u00f5i saunajooks, peaasi et koos ja r\u00f5\u00f5muga.<br>K\u00f5ige selle k\u00f5rval on Haaslava meeskoor osalenud k\u00f5igil \u00fcldlaulupidudel alates aastast 1923 \u2013 nende laul on k\u00f5lanud l\u00e4bi ajastute, l\u00e4bi s\u00f5ja ja rahu, l\u00e4bi p\u00f5lvkondade. Nad on olnud osa Eesti h\u00e4\u00e4le lakkamatust voolust, mis ei vaiki.<br>Nii nad laulavad, elavad ja naeravad \u2013 neli venda, \u00fcks koor, \u00fcks s\u00fcda. Ja iga laul, mis s\u00fcnnib nende h\u00e4\u00e4ltel, on nagu uus peat\u00fckk muinasjutus, mis ei l\u00f5pe kunagi.<\/p>\n","protected":false},"excerpt":{"rendered":"<p>Tartumaa koorijuht Kalev Lindal r\u00e4\u00e4gib 100-aastasest Haaslava Meeskoorist Haaslava Meeskoor (algsel kujul Haaslava meeslauluselts) on loodud 1923. aasta 15. jaanuaril dirigent Aksel R\u00fc\u00fctli poolt. Ent s\u00e4ilinud noodivihikud, kus Haaslava Meeskoori repertuaar kirja<a class=\"moretag\" href=\"https:\/\/www.hame.ee\/\">Read More&#8230;<\/a><\/p>\n","protected":false},"author":4,"featured_media":0,"parent":0,"menu_order":0,"comment_status":"closed","ping_status":"closed","template":"","meta":{"footnotes":""},"class_list":["post-2","page","type-page","status-publish","hentry"],"_links":{"self":[{"href":"https:\/\/www.hame.ee\/index.php?rest_route=\/wp\/v2\/pages\/2","targetHints":{"allow":["GET"]}}],"collection":[{"href":"https:\/\/www.hame.ee\/index.php?rest_route=\/wp\/v2\/pages"}],"about":[{"href":"https:\/\/www.hame.ee\/index.php?rest_route=\/wp\/v2\/types\/page"}],"author":[{"embeddable":true,"href":"https:\/\/www.hame.ee\/index.php?rest_route=\/wp\/v2\/users\/4"}],"replies":[{"embeddable":true,"href":"https:\/\/www.hame.ee\/index.php?rest_route=%2Fwp%2Fv2%2Fcomments&post=2"}],"version-history":[{"count":5,"href":"https:\/\/www.hame.ee\/index.php?rest_route=\/wp\/v2\/pages\/2\/revisions"}],"predecessor-version":[{"id":551,"href":"https:\/\/www.hame.ee\/index.php?rest_route=\/wp\/v2\/pages\/2\/revisions\/551"}],"wp:attachment":[{"href":"https:\/\/www.hame.ee\/index.php?rest_route=%2Fwp%2Fv2%2Fmedia&parent=2"}],"curies":[{"name":"wp","href":"https:\/\/api.w.org\/{rel}","templated":true}]}}